{"id":4153,"date":"2017-06-24T12:57:22","date_gmt":"2017-06-24T10:57:22","guid":{"rendered":"http:\/\/themes.89elements.com\/definity-data\/?page_id=4153"},"modified":"2026-01-06T21:51:12","modified_gmt":"2026-01-06T20:51:12","slug":"full-screen-video-op","status":"publish","type":"page","link":"http:\/\/mellemsyn.dk\/","title":{"rendered":"Full Screen Video OP"},"content":{"rendered":"<p>[vc_row el_id=&#8221;mellemsyn-top&#8221;][vc_column]\n\t\t\t<!-- START Full Screen Video REVOLUTION SLIDER 6.2.2 --><p class=\"rs-p-wp-fix\"><\/p>\n\t\t\t<rs-module-wrap id=\"rev_slider_1_1_wrapper\" data-source=\"gallery\" style=\"background:transparent;padding:0;\">\n\t\t\t\t<rs-module id=\"rev_slider_1_1\" style=\"display:none;\" data-version=\"6.2.2\">\n\t\t\t\t\t<rs-slides>\n\t\t\t\t\t\t<rs-slide data-key=\"rs-1\" data-title=\"Slide\" data-anim=\"ei:d;eo:d;s:600;r:0;t:fade;sl:d;\">\n\t\t\t\t\t\t\t<img decoding=\"async\" src=\"\/\/mellemsyn.dk\/wp-content\/uploads\/revslider\/edge.jpg\" title=\"Full Screen Video OP\" class=\"rev-slidebg\" data-no-retina>\n\t\t\t\t\t\t\t<rs-bgvideo \n\t\t\t\t\t\t\t\tdata-video=\"vc:none;w:100%;h:100%;sta:00:71;end:03:00;nse:false;l:loop;ptimer:true;\"\n\t\t\t\t\t\t\t\tdata-ytid=\"Scxs7L0vhZ4\"\n\t\t\t\t\t\t\t\tdata-vatr=\"version=3&amp;enablejsapi=1&amp;html5=1&amp;hd=1&amp;wmode=opaque&amp;showinfo=0&amp;rel=0&amp;origin=http:\/\/mellemsyn.dk;\"\n\t\t\t\t\t\t\t><\/rs-bgvideo>\n<!--\n\t\t\t\t\t\t\t--><rs-group\n\t\t\t\t\t\t\t\tid=\"slider-1-slide-1-layer-5\" \n\t\t\t\t\t\t\t\tdata-type=\"group\"\n\t\t\t\t\t\t\t\tdata-xy=\"xo:158px,158px,118px,60px;y:m;yo:0,0,-13px,0;\"\n\t\t\t\t\t\t\t\tdata-text=\"l:22;a:inherit;\"\n\t\t\t\t\t\t\t\tdata-dim=\"w:552px,552px,552px,326px;h:309px,309px,309px,240px;\"\n\t\t\t\t\t\t\t\tdata-basealign=\"slide\"\n\t\t\t\t\t\t\t\tdata-frame_0=\"tp:600;\"\n\t\t\t\t\t\t\t\tdata-frame_1=\"tp:600;st:70;sR:70;\"\n\t\t\t\t\t\t\t\tdata-frame_999=\"o:0;tp:600;st:w;sR:8630;sA:9000;\"\n\t\t\t\t\t\t\t\tstyle=\"z-index:5;\"\n\t\t\t\t\t\t\t><!--\n\t\t\t\t\t\t\t\t--><rs-layer\n\t\t\t\t\t\t\t\t\tid=\"slider-1-slide-1-layer-1\" \n\t\t\t\t\t\t\t\t\tdata-type=\"button\"\n\t\t\t\t\t\t\t\t\tdata-color=\"rgba(236, 236, 236, 1)\"\n\t\t\t\t\t\t\t\t\tdata-xy=\"xo:1px,2px,0,-34px;y:t,t,m,m;yo:2px,0,-82px,-69px;\"\n\t\t\t\t\t\t\t\t\tdata-text=\"s:82,75,70,45;l:82,75,70,45;fw:700;\"\n\t\t\t\t\t\t\t\t\tdata-basealign=\"slide\"\n\t\t\t\t\t\t\t\t\tdata-frame_0=\"x:12px;tp:600;\"\n\t\t\t\t\t\t\t\t\tdata-frame_1=\"tp:600;e:power2.inOut;st:2000;sp:850;sR:1930;\"\n\t\t\t\t\t\t\t\t\tdata-frame_999=\"o:0;tp:600;e:nothing;st:w;sR:6150;\"\n\t\t\t\t\t\t\t\t\tstyle=\"z-index:6;font-family:Montserrat;\"\n\t\t\t\t\t\t\t\t>R\u00c5DGIVNING &<br\/>\nEFTERUDDANNELSE  \n\t\t\t\t\t\t\t\t<\/rs-layer><!--\n\n\t\t\t\t\t\t\t\t--><rs-layer\n\t\t\t\t\t\t\t\t\tid=\"slider-1-slide-1-layer-2\" \n\t\t\t\t\t\t\t\t\tdata-type=\"button\"\n\t\t\t\t\t\t\t\t\tdata-xy=\"x:l,c,l,c;xo:0,-106px,4px,-21px;y:t,t,m,t;yo:204px,210px,81px,140px;\"\n\t\t\t\t\t\t\t\t\tdata-text=\"s:14,14,14,14;l:22;ls:2;fw:600,400,400,400;\"\n\t\t\t\t\t\t\t\t\tdata-rsp_o=\"off\"\n\t\t\t\t\t\t\t\t\tdata-rsp_bd=\"off\"\n\t\t\t\t\t\t\t\t\tdata-frame_0=\"x:12px;tp:600;\"\n\t\t\t\t\t\t\t\t\tdata-frame_1=\"tp:600;e:power2.inOut;st:3000;sp:700;sR:2930;\"\n\t\t\t\t\t\t\t\t\tdata-frame_999=\"o:0;tp:600;e:nothing;st:w;sR:5300;\"\n\t\t\t\t\t\t\t\t\tstyle=\"z-index:7;font-family:Open Sans;\"\n\t\t\t\t\t\t\t\t>P\u00c6DAGOGIK, LEDELSE & KOMMUNIKATION \n\t\t\t\t\t\t\t\t<\/rs-layer><!--\n\n\t\t\t\t\t\t\t\t--><rs-layer\n\t\t\t\t\t\t\t\t\tid=\"slider-1-slide-1-layer-3\" \n\t\t\t\t\t\t\t\t\tclass=\"rev-btn\"\n\t\t\t\t\t\t\t\t\tdata-type=\"button\"\n\t\t\t\t\t\t\t\t\tdata-color=\"rgba(17, 17, 17, 1)\"\n\t\t\t\t\t\t\t\t\tdata-xy=\"xo:0,1px,2px,-29px;yo:268px,267px,267px,203px;\"\n\t\t\t\t\t\t\t\t\tdata-text=\"s:12;l:14;ls:2px;\"\n\t\t\t\t\t\t\t\t\tdata-rsp_o=\"off\"\n\t\t\t\t\t\t\t\t\tdata-rsp_bd=\"off\"\n\t\t\t\t\t\t\t\t\tdata-padding=\"t:12;r:35;b:12;l:35;\"\n\t\t\t\t\t\t\t\t\tdata-frame_0=\"x:12px;tp:600;\"\n\t\t\t\t\t\t\t\t\tdata-frame_1=\"tp:600;e:power2.inOut;st:3900;sp:700;sR:3830;\"\n\t\t\t\t\t\t\t\t\tdata-frame_999=\"o:0;tp:600;e:nothing;st:w;sR:4400;\"\n\t\t\t\t\t\t\t\t\tdata-frame_hover=\"c:#000;bgc:#ccc;boc:#000;bor:0px,0px,0px,0px;bos:solid;oX:50;oY:50;sp:0;e:none;\"\n\t\t\t\t\t\t\t\t\tstyle=\"z-index:8;background-color:rgba(236,236,236,1);font-family:Montserrat;cursor:pointer;outline:none;box-shadow:none;box-sizing:border-box;-moz-box-sizing:border-box;-webkit-box-sizing:border-box;\"\n\t\t\t\t\t\t\t\t>OM FRISKOLEKONSULENTERNE \n\t\t\t\t\t\t\t\t<\/rs-layer><!--\n\t\t\t\t\t\t\t--><\/rs-group><!--\n\n\t\t\t\t\t\t\t--><span\n\t\t\t\t\t\t\t\tid=\"slider-1-slide-1-layer-4\" \n\t\t\t\t\t\t\t\tclass=\"rs-layer\"\n\t\t\t\t\t\t\t\tdata-type=\"text\"\n\t\t\t\t\t\t\t\tdata-color=\"rgba(153, 153, 153, 1)\"\n\t\t\t\t\t\t\t\tdata-xy=\"x:c;y:b;yo:72px,71px,88px,0;\"\n\t\t\t\t\t\t\t\tdata-text=\"s:40;l:22;\"\n\t\t\t\t\t\t\t\tdata-vbility=\"t,t,f,f\"\n\t\t\t\t\t\t\t\tdata-actions='o:click;a:scrollbelow;offset:80%;sp:300;e:none;'\n\t\t\t\t\t\t\t\tdata-rsp_o=\"off\"\n\t\t\t\t\t\t\t\tdata-rsp_bd=\"off\"\n\t\t\t\t\t\t\t\tdata-frame_0=\"tp:600;\"\n\t\t\t\t\t\t\t\tdata-frame_1=\"tp:600;e:power2.inOut;st:5000;sp:700;sR:5000;\"\n\t\t\t\t\t\t\t\tdata-frame_999=\"o:0;tp:600;e:nothing;st:w;sR:3300;\"\n\t\t\t\t\t\t\t\tdata-frame_hover=\"c:#fff;bor:0px,0px,0px,0px;oX:50;oY:50;sp:350;e:none;\"\n\t\t\t\t\t\t\t\tstyle=\"z-index:9;font-family:Roboto;cursor:pointer;\"\n\t\t\t\t\t\t\t><span class=\"linea-basic-magic-mouse\"><\/span> \n\t\t\t\t\t\t\t<\/span><!--\n-->\t\t\t\t\t\t<\/rs-slide>\n\t\t\t\t\t<\/rs-slides>\n\t\t\t\t\t<rs-progress class=\"rs-bottom\" style=\"visibility: hidden !important;\"><\/rs-progress>\n\t\t\t\t<\/rs-module>\n\t\t\t\t<script type=\"text\/javascript\">\n\t\t\t\t\tsetREVStartSize({c: 'rev_slider_1_1',rl:[1240,1024,778,480],el:[868,768,960,720],gw:[1240,1170,900,480],gh:[868,768,960,720],type:'hero',justify:'',layout:'fullscreen',offsetContainer:'',offset:'',mh:\"0\"});\n\t\t\t\t\tvar\trevapi1,\n\t\t\t\t\t\ttpj;\n\t\t\t\t\tjQuery(function() {\n\t\t\t\t\t\ttpj = jQuery;\n\t\t\t\t\t\tif(tpj(\"#rev_slider_1_1\").revolution == undefined){\n\t\t\t\t\t\t\trevslider_showDoubleJqueryError(\"#rev_slider_1_1\");\n\t\t\t\t\t\t}else{\n\t\t\t\t\t\t\trevapi1 = tpj(\"#rev_slider_1_1\").show().revolution({\n\t\t\t\t\t\t\t\tsliderType:\"hero\",\n\t\t\t\t\t\t\t\tjsFileLocation:\"\/\/mellemsyn.dk\/wp-content\/plugins\/revslider\/public\/assets\/js\/\",\n\t\t\t\t\t\t\t\tsliderLayout:\"fullscreen\",\n\t\t\t\t\t\t\t\tvisibilityLevels:\"1240,1024,778,480\",\n\t\t\t\t\t\t\t\tgridwidth:\"1240,1170,900,480\",\n\t\t\t\t\t\t\t\tgridheight:\"868,768,960,720\",\n\t\t\t\t\t\t\t\tspinner:\"spinner0\",\n\t\t\t\t\t\t\t\teditorheight:\"868,768,960,720\",\n\t\t\t\t\t\t\t\tresponsiveLevels:\"1240,1024,778,480\",\n\t\t\t\t\t\t\t\tdisableProgressBar:\"on\",\n\t\t\t\t\t\t\t\tnavigation: {\n\t\t\t\t\t\t\t\t\tonHoverStop:false\n\t\t\t\t\t\t\t\t},\n\t\t\t\t\t\t\t\tfallbacks: {\n\t\t\t\t\t\t\t\t\tallowHTML5AutoPlayOnAndroid:true\n\t\t\t\t\t\t\t\t},\n\t\t\t\t\t\t\t});\n\t\t\t\t\t\t}\n\t\t\t\t\t\t\n\t\t\t\t\t});\n\t\t\t\t<\/script>\n\t\t\t\t<script>\n\t\t\t\t\tvar htmlDivCss = unescape(\".rev_slider%20rs-sbg-wrap%3Aafter%20%7B%0A%20%20%0A%20%20%20%20width%3A%20100%25%3B%0A%20%20%20%20height%3A%20100%25%3B%0A%20%20%20%20content%3A%20%22%22%3B%0A%20%20%20%20position%3A%20absolute%3B%0A%20%20%20%20left%3A%200%3B%0A%20%20%20%20top%3A%200%3B%0A%20%20%20%20pointer-events%3A%20none%3B%0A%20%20%09z-index%3A%20999%3B%0A%20%0A%20%20%20%20%2F%2A%20black%20overlay%20with%2050%25%20transparency%20%2A%2F%0A%20%20%20%20background%3A%20rgba%2817%2C%2017%2C%2017%2C%200.6%29%3B%0A%7D\");\n\t\t\t\t\tvar htmlDiv = document.getElementById('rs-plugin-settings-inline-css');\n\t\t\t\t\tif(htmlDiv) {\n\t\t\t\t\t\thtmlDiv.innerHTML = htmlDiv.innerHTML + htmlDivCss;\n\t\t\t\t\t}else{\n\t\t\t\t\t\tvar htmlDiv = document.createElement('div');\n\t\t\t\t\t\thtmlDiv.innerHTML = '<style>' + htmlDivCss + '<\/style>';\n\t\t\t\t\t\tdocument.getElementsByTagName('head')[0].appendChild(htmlDiv.childNodes[0]);\n\t\t\t\t\t}\n\t\t\t\t<\/script>\n\t\t\t\t<script>\n\t\t\t\t\tvar htmlDivCss = unescape(\"%23slider-1-slide-1-layer-3%3Ahover%7Btransition%3Aall%200.35s%3B%7D%0A\");\n\t\t\t\t\tvar htmlDiv = document.getElementById('rs-plugin-settings-inline-css');\n\t\t\t\t\tif(htmlDiv) {\n\t\t\t\t\t\thtmlDiv.innerHTML = htmlDiv.innerHTML + htmlDivCss;\n\t\t\t\t\t}else{\n\t\t\t\t\t\tvar htmlDiv = document.createElement('div');\n\t\t\t\t\t\thtmlDiv.innerHTML = '<style>' + htmlDivCss + '<\/style>';\n\t\t\t\t\t\tdocument.getElementsByTagName('head')[0].appendChild(htmlDiv.childNodes[0]);\n\t\t\t\t\t}\n\t\t\t\t<\/script>\n\t\t\t<\/rs-module-wrap>\n\t\t\t<!-- END REVOLUTION SLIDER -->\n[\/vc_column][\/vc_row][vc_row el_id=&#8221;mellemsyn-ydelser&#8221;][vc_column][vc_empty_space height=&#8221;100px&#8221;]\n        <header class=\"sec-heading \" >\n          <h2 >Ydelser<\/h2>\n          <span class=\"subheading\" >Friskolekonsulenterne st\u00f8tter skoleledere med r\u00e5dgivning indenfor <b>p\u00e6dagogik<\/b>, <b>ledelse<\/b> og <b>kommunikation<\/b><\/span>\n        <\/header>[vc_row_inner][vc_column_inner width=&#8221;1\/4&#8243;]\n        <div class=\"ft-cards \">\n            <div class=\"ft-item\" style=\" border-color:#1e73be;\">\n                <span class=\"ft-card-icon et-map\" ><\/span>\n                <h4 >Samtaler 1:1<\/h4><p><span style=\"font-weight: 400;\">Et fortroligt og magtfrit rum for dig som skoleleder. Vi s\u00e6nker ankeret og g\u00e5r til konkrete problemstillinger og f\u00f8rsproglige fornemmelser med filosofisk undren.\u00a0<\/span><\/p>\n\n            <\/div>\n        <\/div>[\/vc_column_inner][vc_column_inner width=&#8221;1\/4&#8243;]\n        <div class=\"ft-cards \">\n            <div class=\"ft-item\">\n                <span class=\"ft-card-icon et-genius\" ><\/span>\n                <h4 >Refleksionsteams<\/h4><p><span style=\"font-weight: 400;\">F\u00e5 en delehjerne til h\u00e5ndtering af personalesager, stress og strategi. Refleksionsteams er aktionsl\u00e6ring faciliteret stramt for mindre grupper af skoleledere.<\/span><\/p>\n\n            <\/div>\n        <\/div>[\/vc_column_inner][vc_column_inner width=&#8221;1\/4&#8243;]\n        <div class=\"ft-cards \">\n            <div class=\"ft-item\">\n                <span class=\"ft-card-icon et-heart\" ><\/span>\n                <h4 >Procesledelse<\/h4><p><span style=\"font-weight: 400;\">F\u00e6lles samtaler der genererer energi og ejerskab. Sammen taler vi os ind til de meningsfulde forankringer og forandringer &#8211; og g\u00f8r tanker til handlinger.<\/span><\/p>\n\n            <\/div>\n        <\/div>[\/vc_column_inner][vc_column_inner width=&#8221;1\/4&#8243;]\n        <div class=\"ft-cards \">\n            <div class=\"ft-item\">\n                <span class=\"ft-card-icon et-document\" ><\/span>\n                <h4 >Unders\u00f8gelser<\/h4><p><span style=\"font-weight: 400;\">Unders\u00f8gelser af jeres skoles undervisningsmilj\u00f8, omsorgsstrukturer eller andet, I gerne vil blive klogere og handle p\u00e5. En god hj\u00e6lp til at opfylde lovgivningen.<\/span><\/p>\n\n            <\/div>\n        <\/div>[\/vc_column_inner][\/vc_row_inner][vc_row_inner][vc_column_inner width=&#8221;1\/4&#8243;]\n        <div class=\"ft-cards \">\n            <div class=\"ft-item\">\n                <span class=\"ft-card-icon et-refresh\" ><\/span>\n                <h4 >Kommunikations- r\u00e5dgivning<\/h4><p><span style=\"font-weight: 400;\">Ad hoc-sparring og hj\u00e6lp til at vurdere kommunikationsl\u00f8sninger og -leverand\u00f8rer. Issues management og damage control n\u00e5r lokummet br\u00e6nder.<\/span><\/p>\n\n            <\/div>\n        <\/div>[\/vc_column_inner][vc_column_inner width=&#8221;1\/4&#8243;]\n        <div class=\"ft-cards \">\n            <div class=\"ft-item\">\n                <span class=\"ft-card-icon et-profile-male\" ><\/span>\n                <h4 >Rekruttering<\/h4><p><span style=\"font-weight: 400;\">Det skaber negative forstyrrelser, n\u00e5r det er sv\u00e6rt at tiltr\u00e6kke elever\/studerende. <\/span><span style=\"font-weight: 400;\">F\u00e5 strategisk og operationel hj\u00e6lp til at rekruttere nok af de rigtige elever for netop jer.<\/span><\/p>\n\n            <\/div>\n        <\/div>[\/vc_column_inner][vc_column_inner width=&#8221;1\/4&#8243;]\n        <div class=\"ft-cards \">\n            <div class=\"ft-item\">\n                <span class=\"ft-card-icon linea-arrows-switch-horizontal\" ><\/span>\n                <h4 >Storytelling<\/h4><p><span style=\"font-weight: 400;\">Historiefort\u00e6lling er b\u00e5de kraftfuld markedsf\u00f8ring og god p\u00e6dagogik. \u00d8g jeres kompetencer til at fort\u00e6lle de historier, der b\u00e5de styrker tiltr\u00e6knings- og dannelseskraft.<\/span><\/p>\n\n            <\/div>\n        <\/div>[\/vc_column_inner][vc_column_inner width=&#8221;1\/4&#8243;]\n        <div class=\"ft-cards \">\n            <div class=\"ft-item\">\n                <span class=\"ft-card-icon et-pencil\" ><\/span>\n                <h4 >Tekstredigering<\/h4><p><span style=\"font-weight: 400;\">Fra skyggeskrivning til korrekturl\u00e6sning. F\u00e5 et ekstra par &#8211; p\u00e6dagogisk journalistiske &#8211; \u00f8jne p\u00e5 nyhedsbreve og anden kommunikation til jeres sekund\u00e6re m\u00e5lgrupper.<\/span><\/p>\n\n            <\/div>\n        <\/div>[\/vc_column_inner][\/vc_row_inner][\/vc_column][\/vc_row][vc_row background=&#8221;#f8f8f8&#8243; el_id=&#8221;mellemsyn-baggrund&#8221;][vc_column][vc_empty_space height=&#8221;100px&#8221;][vc_row_inner][vc_column_inner width=&#8221;1\/6&#8243;][\/vc_column_inner][vc_column_inner width=&#8221;2\/6&#8243;]\n        \t<div class=\"team-member-img \">\n        \t\t<div class=\"t-item \">\n        \t\t\t<div class=\"t-image\">\n        \t\t\t\t<img decoding=\"async\" class=\"img-responsive\" src=\"http:\/\/mellemsyn.dk\/wp-content\/uploads\/2020\/05\/Andreas_3-scaled.jpg\" alt=\"Andreas Vappula Nilsson\" \/>\n        \t\t\t<\/div>\n        \t\t\t<div class=\"t-info\">\n        \t\t\t\t<h4 class=\"t-name\">Andreas Vappula Nilsson<\/h4>\n        \t\t\t\t<span class=\"t-role\">Kommunikationsr\u00e5dgiver og procesleder<\/span>\n        \t\t\t\t<ul class=\"social-links\" ><li><a href=\"https:\/\/www.linkedin.com\/in\/andreasvappulanilsson\/\" target=\"_blank\" title=\"LinkedIn\"><i class=\"fa fa-linkedin\"><\/i><\/a><\/li><\/ul>\n        \t\t\t<\/div>\n        \t\t<\/div>\n        \t<\/div>[\/vc_column_inner][vc_column_inner width=&#8221;2\/6&#8243;][vc_column_text]<\/p>\n<h2>Om Mellemsyn<\/h2>\n<p><strong>Mellemsyn er en r\u00e5dgivnings- og kommunikationsvirksomhed,<\/strong> der st\u00f8tter skoleledere i deres arbejde med skoleudvikling og personlig forankring.<\/p>\n<p><strong>Mellemsyn er v\u00e6rdim\u00e6ssigt funderet i<\/strong>\u00a0fri-, efter- og h\u00f8jskolebev\u00e6gelsens arbejde for livsoplysning; spejderbev\u00e6gelsens form\u00e5l om at udvikle ansvarlige b\u00f8rn og unge samt den forgrening af kommunikationsfaget, der kaldes for fort\u00e6llende journalistik (narrative journalism).<\/p>\n<p><strong>Mellemsyn er drevet af Andreas Vappula Nilsson.<\/strong> Jeg har v\u00e6ret selvst\u00e6ndig siden 2012, hvor jeg is\u00e6r har arbejdet med akt\u00f8rer fra UddannelsesDanmark. Inden da var jeg kommunikationsr\u00e5dgiver hos Carlsberg og journalist hos TV2.<\/p>\n<p>Jeg er uddannet journalist og cand.public med speciale i p\u00e6dagogik og uddannelse fra Journalisth\u00f8jskolen i Aarhus, Syddansk Universitet i Odense, Danmarks P\u00e6dagogisk Universitet i K\u00f8benhavn og Helsinki University i &#8230; ja, Finland.[\/vc_column_text][\/vc_column_inner][vc_column_inner width=&#8221;1\/6&#8243;][\/vc_column_inner][\/vc_row_inner][vc_empty_space height=&#8221;60px&#8221;][\/vc_column][\/vc_row][vc_row row_type=&#8221;full-width&#8221; parallax=&#8221;content-moving&#8221; parallax_image=&#8221;4578&#8243; parallax_speed_bg=&#8221;1&#8243; el_id=&#8221;mellemsyn-kunder&#8221;][vc_column css=&#8221;.vc_custom_1498255149154{background-color: rgba(17,17,17,0.5) !important;*background-color: rgb(17,17,17) !important;}&#8221;][vc_empty_space height=&#8221;100px&#8221;][vc_row_inner][vc_column_inner]\n        <header class=\"sec-heading \"  style=\"margin-bottom: 60px\";>\n          <h2 style=\" color: #ffffff\";>Kunder<\/h2>\n          <span class=\"subheading\"  style=\" color: #ffffff; \">Mellemsyn arbejder is\u00e6r med akt\u00f8rer fra UddannelsesDanmark - men ogs\u00e5 andre, hvis gode samarbejdsmuligheder eller opgaver dukker op.<\/span>\n        <\/header>[\/vc_column_inner][\/vc_row_inner][vc_row_inner content_placement=&#8221;top&#8221;][vc_column_inner width=&#8221;1\/6&#8243;][\/vc_column_inner][vc_column_inner width=&#8221;1\/6&#8243;][vc_column_text]<\/p>\n<p style=\"text-align: center;\"><span style=\"color: #ffffff;\">Asterisk (magasin)<\/span><br \/>\n<span style=\"color: #ffffff;\">Brejning Efterskole<\/span><br \/>\n<span style=\"color: #ffffff;\">Carlsberg Group<\/span><br \/>\n<span style=\"color: #ffffff;\">Coop Danmark &amp; Coop amba<\/span><br \/>\n<span style=\"color: #ffffff;\">Damgaard Works<\/span><br \/>\n<span style=\"color: #ffffff;\">Dansk Journalistforbund<\/span><br \/>\n<span style=\"color: #ffffff;\">Dansk Musikp\u00e6dagogisk Forening<\/span><\/p>\n<p>[\/vc_column_text][\/vc_column_inner][vc_column_inner width=&#8221;1\/6&#8243;][vc_column_text]<\/p>\n<p style=\"text-align: center;\"><span style=\"color: #ffffff;\">Dansk Industri<\/span><br \/>\n<span style=\"color: #ffffff;\">Det Danske Spejderkorps<\/span><br \/>\n<span style=\"color: #ffffff;\">DPU \u2013 Aarhus Universitet<\/span><br \/>\n<span style=\"color: #ffffff;\">Munkeg\u00e5rden<\/span><br \/>\n<span style=\"color: #ffffff;\">GoCook &amp; Coop Skolekontakten<\/span><br \/>\n<span style=\"color: #ffffff;\">Gymnasieskolernes Musikl\u00e6rerforening<\/span><br \/>\n<span style=\"color: #ffffff;\">Gymnasieforskning (magasin)<\/span><\/p>\n<p>[\/vc_column_text][\/vc_column_inner][vc_column_inner width=&#8221;1\/6&#8243;][vc_column_text]<\/p>\n<p style=\"text-align: center;\"><span style=\"color: #ffffff;\">Musikmanifestet<\/span><br \/>\n<span style=\"color: #ffffff;\">Nationalt Center for Skoleforskning<\/span><br \/>\n<span style=\"color: #ffffff;\">Schleroseforeningen<\/span><br \/>\n<span style=\"color: #ffffff;\">Haandv\u00e6rkerforeningen i Kj\u00f8benhavn<\/span><br \/>\n<span style=\"color: #ffffff;\">Korinth Efterskole<\/span><br \/>\n<span style=\"color: #ffffff;\">Kulturring \u00d8stjylland<\/span><\/p>\n<p>[\/vc_column_text][\/vc_column_inner][vc_column_inner width=&#8221;1\/6&#8243;][vc_column_text]<\/p>\n<p style=\"text-align: center;\"><span style=\"color: #ffffff;\">Lejre Kommune<\/span><br \/>\n<span style=\"color: #ffffff;\">Musikl\u00e6rerforeningen (folkeskolen)<\/span><br \/>\n<span style=\"color: #ffffff;\">Skibelund Gymnastik- og Idr\u00e6tsefterskole<\/span><br \/>\n<span style=\"color: #ffffff;\">Store Andst Efterskole<\/span><br \/>\n<span style=\"color: #ffffff;\">S\u00f8gaard Friskole<\/span><br \/>\n<span style=\"color: #ffffff;\">Undervisningsministeriet<\/span><\/p>\n<p>[\/vc_column_text][\/vc_column_inner][vc_column_inner width=&#8221;1\/6&#8243;][\/vc_column_inner][vc_column_inner][vc_empty_space height=&#8221;60&#8243;][vc_separator style=&#8221;shadow&#8221; el_width=&#8221;30&#8243; css_animation=&#8221;fadeIn&#8221;][\/vc_column_inner][\/vc_row_inner]\n    \n    <div class=\"t-slider-wrapper\">\n        <div class=\"t-slider arrows-hover-only \"  data-autoplay=\"true\" data-autoplay_speed=\"4000\" data-adaptive_height=\"true\"><blockquote><p>Jeg kan give mine varmeste anbefalinger til at bruge Andreas som ledelsesm\u00e6ssig sparring. Jeg blev for nyligt udfordret p\u00e5, hvilke personer der har betydet mest for mig i forhold til min rolle og udvikling som leder. Her faldt Andreas mig ind, som et af de helt naturlige valg. Derudover har Andreas ogs\u00e5 haft en stor andel i, at skolens og min kommunikation i bredeste forstand er professionaliseret i en grad, som er helt fantastisk!<\/p>\n\n                <span class=\"et-quote t-type\"><\/span>\n\t\t        <footer>\n\t\t        \t<cite>\n\t\t        \t\t<h5 class=\"h-alt\">Rasmus Seistrup<\/h5>\n\t\t        \t\t<h5>Forstander, Skibelund Gymnastik- og Idr\u00e6tsefterskole<\/h5>\n\t\t        \t<\/cite>\n\t\t        <\/footer>\n\t\t    <\/blockquote><blockquote><p>Munkeg\u00e5rdens og min relation til Andreas er pr\u00e6get af stor fortrolighed, faglighed og handlekraft. Andreas bidrager med en s\u00e6rlig kombination af kommunikation og p\u00e6dagogik, jeg ikke rigtig finder andre steder. Hans nysgerrige og kritiske tilgang holder mig skarp p\u00e5 mine v\u00e6rdier og p\u00e6dagogiske tilgang. Og hans kommunikations- og rekrutteringsarbejde har b\u00e5de kvalitet og kant. P\u00e5 et kritisk tidspunkt i Munkeg\u00e5rdens historie gennemf\u00f8rte vi sammen en vellykket turn-around, som har hjulpet os til det gode sted, vi er i dag.<\/p>\n\n                <span class=\"et-quote t-type\"><\/span>\n\t\t        <footer>\n\t\t        \t<cite>\n\t\t        \t\t<h5 class=\"h-alt\">Tomas Elsby<\/h5>\n\t\t        \t\t<h5>Forstander, Den Selvejende Institution Munkeg\u00e5rden (STU og botilbud)<\/h5>\n\t\t        \t<\/cite>\n\t\t        <\/footer>\n\t\t    <\/blockquote><blockquote><p>I&#8217;ve had the pleasure of working with Andreas on numerous occasions at Carlsberg Group, both for business communications and execution of different strategic communications projects. Always service minded, creative and not least pragmatic to deliver against our needs! <i>As an example he turned around a professional video product to share quarterly business results within the global Carlsberg Group organisation within a few hours of release every quarter.<\/i><\/p>\n\n                <span class=\"et-quote t-type\"><\/span>\n\t\t        <footer>\n\t\t        \t<cite>\n\t\t        \t\t<h5 class=\"h-alt\">Charlotta Lyon<\/h5>\n\t\t        \t\t<h5>Vice president Corporate Affairs, Carlsberg Group<\/h5>\n\t\t        \t<\/cite>\n\t\t        <\/footer>\n\t\t    <\/blockquote><\/div>\n    <\/div>[\/vc_column][\/vc_row][vc_row row_type=&#8221;full-width&#8221; el_id=&#8221;mellemsyn-kontakt&#8221;][vc_column no_gap_check=&#8221;no-gap&#8221;]\n\t\t\t<div class=\"contact-1\">\n\t\t\t\t<div class=\"contact-wrapper\">\n\t\t\t\t\t<div id=\"definity-gmap-1\" \n\t\tdata-address=\"Spinderigade 11, 7100 Vejle, Denmark\"\n\t\tdata-map-type=\"roadmap_custom\"\n\t\tdata-map-style=\"styles\"\n\t\tdata-zoom=\"13\"\n        data-min-zoom=\"1\"\n\t\tdata-zoom-controls=\"0\"\n\t\tdata-scroll-zoom=\"0\"\n\t\tdata-touch-drag=\"0\"\n\t\tdata-marker-icon=\"\"\n\t class=\"definity-gmap aspect-ratio\" style=\"height: 500px;\"><\/div>\n\n\t\t\t\t\t<div class=\"show-info-link\">\n\t\t\t\t\t\t<a href=\"#\" class=\"show-info\"><i class=\"fa fa-info\"><\/i><h6>Skjul kort<\/h6><\/a>\n\t\t\t\t\t<\/div>\n\n\t\t\t\t\t<div class=\"container\">\n\t\t\t\t\t\t<div class=\"row\">\n\n\t\t\t\t\t\t\t<div class=\"col-xs-offset-1 col-xs-11 col-md-offset-2 col-md-6 contact-info-wrapper\">\n\t\t\t\t\t\t\t\t<address>\n\t\t\t\t\t\t\t\t\t<div class=\"row\">\n\t\t\t\t\t\t\t\t\t\t\n        <div class=\"col-sm-6 address-group\"><span>Telefon<\/span><p>+45 3120 2104<\/p><\/div>\n\t\t\t\t\t\t\t\t\t\t\n        <div class=\"col-sm-6 address-group\"><span>Mellemsyn<\/span><p>Spinderihallerne, Studie D10<\/p><p>Spinderigade 11<\/p><p>7100 Vejle<\/p><\/div>\n\t\t\t\t\t\t\t\t\t<\/div>\n\t\t\t\t\t\t\t\t\t<div class=\"row\">\n\t\t\t\t\t\t\t\t\t\t\n            <div class=\"col-sm-6 address-group\"><span>Email<\/span><p>andreas@mellemsyn.dk<\/p><\/div>\n\t\t\t\t\t\t\t\t\t\t\n\t\t\t\t\t\t\t\t\t<\/div>\n\t\t\t\t\t\t\t\t\t<div class=\"row show-map-link\">\n\t\t\t\t\t\t\t\t\t\t<a href=\"#\" class=\"show-map\"><span class=\"et-map-pin\"><\/span>Vis p\u00e5 kort<\/a>\n\t\t\t\t\t\t\t\t\t<\/div>\n\t\t\t\t\t\t\t\t<\/address>\n\t\t\t\t\t\t\t<\/div>\n\t\t\t\t\t\t<\/div>\n\t\t\t\t\t<\/div>\n\t\t\t\t<\/div>\n\t\t\t<\/div>[\/vc_column][\/vc_row]<\/p>\n","protected":false},"excerpt":{"rendered":"<p>[vc_row el_id=&#8221;mellemsyn-top&#8221;][vc_column][\/vc_column][\/vc_row][vc_row el_id=&#8221;mellemsyn-ydelser&#8221;][vc_column][vc_empty_space height=&#8221;100px&#8221;][vc_row_inner][vc_column_inner width=&#8221;1\/4&#8243;][\/vc_column_inner][vc_column_inner width=&#8221;1\/4&#8243;][\/vc_column_inner][vc_column_inner width=&#8221;1\/4&#8243;][\/vc_column_inner][vc_column_inner width=&#8221;1\/4&#8243;][\/vc_column_inner][\/vc_row_inner][vc_row_inner][vc_column_inner width=&#8221;1\/4&#8243;][\/vc_column_inner][vc_column_inner width=&#8221;1\/4&#8243;][\/vc_column_inner][vc_column_inner width=&#8221;1\/4&#8243;][\/vc_column_inner][vc_column_inner width=&#8221;1\/4&#8243;][\/vc_column_inner][\/vc_row_inner][\/vc_column][\/vc_row][vc_row background=&#8221;#f8f8f8&#8243; el_id=&#8221;mellemsyn-baggrund&#8221;][vc_column][vc_empty_space height=&#8221;100px&#8221;][vc_row_inner][vc_column_inner width=&#8221;1\/6&#8243;][\/vc_column_inner][vc_column_inner width=&#8221;2\/6&#8243;][\/vc_column_inner][vc_column_inner width=&#8221;2\/6&#8243;][vc_column_text] Om Mellemsyn Mellemsyn er &hellip; <\/p>\n<p><a href=\"http:\/\/mellemsyn.dk\/\" class=\"read-more-btn btn btn-small\">Read More<span class=\"screen-reader-text\">Full Screen Video OP<\/span><\/a><\/p>\n","protected":false},"author":2,"featured_media":0,"parent":0,"menu_order":0,"comment_status":"closed","ping_status":"closed","template":"page-vc.php","meta":{"footnotes":""},"class_list":["post-4153","page","type-page","status-publish","hentry"],"_links":{"self":[{"href":"http:\/\/mellemsyn.dk\/index.php?rest_route=\/wp\/v2\/pages\/4153","targetHints":{"allow":["GET"]}}],"collection":[{"href":"http:\/\/mellemsyn.dk\/index.php?rest_route=\/wp\/v2\/pages"}],"about":[{"href":"http:\/\/mellemsyn.dk\/index.php?rest_route=\/wp\/v2\/types\/page"}],"author":[{"embeddable":true,"href":"http:\/\/mellemsyn.dk\/index.php?rest_route=\/wp\/v2\/users\/2"}],"replies":[{"embeddable":true,"href":"http:\/\/mellemsyn.dk\/index.php?rest_route=%2Fwp%2Fv2%2Fcomments&post=4153"}],"version-history":[{"count":105,"href":"http:\/\/mellemsyn.dk\/index.php?rest_route=\/wp\/v2\/pages\/4153\/revisions"}],"predecessor-version":[{"id":4801,"href":"http:\/\/mellemsyn.dk\/index.php?rest_route=\/wp\/v2\/pages\/4153\/revisions\/4801"}],"wp:attachment":[{"href":"http:\/\/mellemsyn.dk\/index.php?rest_route=%2Fwp%2Fv2%2Fmedia&parent=4153"}],"curies":[{"name":"wp","href":"https:\/\/api.w.org\/{rel}","templated":true}]}}